{"id":666,"date":"2022-12-26T05:59:42","date_gmt":"2022-12-26T05:59:42","guid":{"rendered":"https:\/\/themexriver.com\/wp\/constim\/?page_id=666"},"modified":"2023-04-26T13:35:02","modified_gmt":"2023-04-26T13:35:02","slug":"contact-us","status":"publish","type":"page","link":"https:\/\/www.kocaelibranda.com.tr\/?page_id=666","title":{"rendered":"Bize Ula\u015f\u0131n"},"content":{"rendered":"\t\t<div data-elementor-type=\"wp-page\" data-elementor-id=\"666\" class=\"elementor elementor-666\">\n\t\t\t\t\t\t\t\t\t<section class=\"elementor-section elementor-top-section elementor-element elementor-element-cb3a890 elementor-section-full_width page-title elementor-section-height-default elementor-section-height-default\" data-id=\"cb3a890\" data-element_type=\"section\" data-settings=\"{&quot;background_background&quot;:&quot;classic&quot;}\">\n\t\t\t\t\t\t<div class=\"elementor-container elementor-column-gap-no\">\n\t\t\t\t\t<div class=\"elementor-column elementor-col-100 elementor-top-column elementor-element elementor-element-732483a\" data-id=\"732483a\" data-element_type=\"column\">\n\t\t\t<div class=\"elementor-widget-wrap elementor-element-populated\">\n\t\t\t\t\t\t\t\t<div class=\"elementor-element elementor-element-de217cc elementor-widget elementor-widget-heading\" data-id=\"de217cc\" data-element_type=\"widget\" data-widget_type=\"heading.default\">\n\t\t\t\t<div class=\"elementor-widget-container\">\n\t\t\t<style>\/*! elementor - v3.6.8 - 27-07-2022 *\/\n.elementor-heading-title{padding:0;margin:0;line-height:1}.elementor-widget-heading .elementor-heading-title[class*=elementor-size-]>a{color:inherit;font-size:inherit;line-height:inherit}.elementor-widget-heading .elementor-heading-title.elementor-size-small{font-size:15px}.elementor-widget-heading .elementor-heading-title.elementor-size-medium{font-size:19px}.elementor-widget-heading .elementor-heading-title.elementor-size-large{font-size:29px}.elementor-widget-heading .elementor-heading-title.elementor-size-xl{font-size:39px}.elementor-widget-heading .elementor-heading-title.elementor-size-xxl{font-size:59px}<\/style><h1 class=\"elementor-heading-title elementor-size-default\">Bize Ula\u015f\u0131n<\/h1>\t\t<\/div>\n\t\t\t\t<\/div>\n\t\t\t\t\t<\/div>\n\t\t<\/div>\n\t\t\t\t\t\t\t<\/div>\n\t\t<\/section>\n\t\t\t\t<section class=\"elementor-section elementor-top-section elementor-element elementor-element-a0b910a elementor-section-boxed elementor-section-height-default elementor-section-height-default\" data-id=\"a0b910a\" data-element_type=\"section\">\n\t\t\t\t\t\t<div class=\"elementor-container elementor-column-gap-default\">\n\t\t\t\t\t<div class=\"elementor-column elementor-col-50 elementor-top-column elementor-element elementor-element-a5ff981\" data-id=\"a5ff981\" data-element_type=\"column\">\n\t\t\t<div class=\"elementor-widget-wrap elementor-element-populated\">\n\t\t\t\t\t\t\t\t<div class=\"elementor-element elementor-element-a1cbcee elementor-widget elementor-widget-google_maps\" data-id=\"a1cbcee\" data-element_type=\"widget\" data-widget_type=\"google_maps.default\">\n\t\t\t\t<div class=\"elementor-widget-container\">\n\t\t\t<style>\/*! elementor - v3.6.8 - 27-07-2022 *\/\n.elementor-widget-google_maps .elementor-widget-container{overflow:hidden}.elementor-widget-google_maps iframe{height:300px}<\/style>\t\t<div class=\"elementor-custom-embed\">\n\t\t\t<iframe frameborder=\"0\" scrolling=\"no\" marginheight=\"0\" marginwidth=\"0\"\n\t\t\t\t\tsrc=\"https:\/\/maps.google.com\/maps?q=%C4%B0zmit%20sanayi%20siteyi%20%20Sanayi%207.cd.%20no%3A34-36%2C%2041040%20%20%C4%B0zmit%2FKocaeli&#038;t=m&#038;z=13&#038;output=embed&#038;iwloc=near\"\n\t\t\t\t\ttitle=\"\u0130zmit sanayi siteyi  Sanayi 7.cd. no:34-36, 41040  \u0130zmit\/Kocaeli\"\n\t\t\t\t\taria-label=\"\u0130zmit sanayi siteyi  Sanayi 7.cd. no:34-36, 41040  \u0130zmit\/Kocaeli\"\n\t\t\t><\/iframe>\n\t\t<\/div>\n\t\t\t\t<\/div>\n\t\t\t\t<\/div>\n\t\t\t\t\t<\/div>\n\t\t<\/div>\n\t\t\t\t<div class=\"elementor-column elementor-col-50 elementor-top-column elementor-element elementor-element-44adcf9\" data-id=\"44adcf9\" data-element_type=\"column\">\n\t\t\t<div class=\"elementor-widget-wrap elementor-element-populated\">\n\t\t\t\t\t\t\t\t<div class=\"elementor-element elementor-element-996d4eb elementor-widget elementor-widget-hos-contact-info-list-id\" data-id=\"996d4eb\" data-element_type=\"widget\" data-widget_type=\"hos-contact-info-list-id.default\">\n\t\t\t\t<div class=\"elementor-widget-container\">\n\t\t\t    <section class=\"contact-page-section\">\r\n\t\t<div class=\"info-column\">\r\n\t\t\t<div class=\"inner-column\">\r\n\t\t\t\t<ul class=\"info\">\r\n\t\t\t\t\t\t\t\t\t\t<li><span>SANAY\u0130 OF\u0130S<\/span><\/li>\r\n\t\t\t\t\t\t\t\t\t\t<li><span>Email<\/span>info@kocaelibranda.com.tr<\/li>\r\n\t\t\t\t\t\t\t\t\t\t<li><span>Telefon<\/span>0 262 335 02 58<\/li>\r\n\t\t\t\t\t\t\t\t\t\t<li><span>Adres<\/span>\u0130zmit sanayi siteyi\n\nSanayi 7.cd. no:34-36, 41040\n\n\u0130zmit\/Kocaeli<\/li>\r\n\t\t\t\t\t\t\t\t\t<\/ul>\r\n\t\t\t<\/div>\r\n\t\t<\/div>\r\n\t<\/section>\r\n    \t\t<\/div>\n\t\t\t\t<\/div>\n\t\t\t\t\t<\/div>\n\t\t<\/div>\n\t\t\t\t\t\t\t<\/div>\n\t\t<\/section>\n\t\t\t\t<section class=\"elementor-section elementor-top-section elementor-element elementor-element-a9851cd elementor-section-boxed elementor-section-height-default elementor-section-height-default\" data-id=\"a9851cd\" data-element_type=\"section\">\n\t\t\t\t\t\t<div class=\"elementor-container elementor-column-gap-default\">\n\t\t\t\t\t<div class=\"elementor-column elementor-col-50 elementor-top-column elementor-element elementor-element-f291618\" data-id=\"f291618\" data-element_type=\"column\">\n\t\t\t<div class=\"elementor-widget-wrap elementor-element-populated\">\n\t\t\t\t\t\t\t\t<div class=\"elementor-element elementor-element-b39b32e elementor-widget elementor-widget-google_maps\" data-id=\"b39b32e\" data-element_type=\"widget\" data-widget_type=\"google_maps.default\">\n\t\t\t\t<div class=\"elementor-widget-container\">\n\t\t\t\t\t<div class=\"elementor-custom-embed\">\n\t\t\t<iframe frameborder=\"0\" scrolling=\"no\" marginheight=\"0\" marginwidth=\"0\"\n\t\t\t\t\tsrc=\"https:\/\/maps.google.com\/maps?q=Ye%C5%9Filova%2C%20Ye%C5%9Filova%20Cd.%20No%3A36%2C%2041060%20%C4%B0zmit%2FKocaeli&#038;t=m&#038;z=13&#038;output=embed&#038;iwloc=near\"\n\t\t\t\t\ttitle=\"Ye\u015filova, Ye\u015filova Cd. No:36, 41060 \u0130zmit\/Kocaeli\"\n\t\t\t\t\taria-label=\"Ye\u015filova, Ye\u015filova Cd. No:36, 41060 \u0130zmit\/Kocaeli\"\n\t\t\t><\/iframe>\n\t\t<\/div>\n\t\t\t\t<\/div>\n\t\t\t\t<\/div>\n\t\t\t\t\t<\/div>\n\t\t<\/div>\n\t\t\t\t<div class=\"elementor-column elementor-col-50 elementor-top-column elementor-element elementor-element-867d152\" data-id=\"867d152\" data-element_type=\"column\">\n\t\t\t<div class=\"elementor-widget-wrap elementor-element-populated\">\n\t\t\t\t\t\t\t\t<div class=\"elementor-element elementor-element-5e97c39 elementor-widget elementor-widget-hos-contact-info-list-id\" data-id=\"5e97c39\" data-element_type=\"widget\" data-widget_type=\"hos-contact-info-list-id.default\">\n\t\t\t\t<div class=\"elementor-widget-container\">\n\t\t\t    <section class=\"contact-page-section\">\r\n\t\t<div class=\"info-column\">\r\n\t\t\t<div class=\"inner-column\">\r\n\t\t\t\t<ul class=\"info\">\r\n\t\t\t\t\t\t\t\t\t\t<li><span>YE\u015e\u0130LOVA FABR\u0130KA<\/span><\/li>\r\n\t\t\t\t\t\t\t\t\t\t<li><span>Email<\/span>info@kocaelibranda.com.tr<\/li>\r\n\t\t\t\t\t\t\t\t\t\t<li><span>Adres<\/span>Ye\u015filova mahallesi\n\nzeynel sokak no:34\n\n\n\u0130zmit\/Kocaeli<\/li>\r\n\t\t\t\t\t\t\t\t\t<\/ul>\r\n\t\t\t<\/div>\r\n\t\t<\/div>\r\n\t<\/section>\r\n    \t\t<\/div>\n\t\t\t\t<\/div>\n\t\t\t\t\t<\/div>\n\t\t<\/div>\n\t\t\t\t\t\t\t<\/div>\n\t\t<\/section>\n\t\t\t\t<section class=\"elementor-section elementor-top-section elementor-element elementor-element-94bf017 elementor-section-full_width elementor-section-height-default elementor-section-height-default\" data-id=\"94bf017\" data-element_type=\"section\">\n\t\t\t\t\t\t<div class=\"elementor-container elementor-column-gap-no\">\n\t\t\t\t\t<div class=\"elementor-column elementor-col-100 elementor-top-column elementor-element elementor-element-f6fd0b8\" data-id=\"f6fd0b8\" data-element_type=\"column\">\n\t\t\t<div class=\"elementor-widget-wrap elementor-element-populated\">\n\t\t\t\t\t\t\t\t<div class=\"elementor-element elementor-element-85ac87d elementor-widget elementor-widget-hos-contact-cf-form-id\" data-id=\"85ac87d\" data-element_type=\"widget\" data-widget_type=\"hos-contact-cf-form-id.default\">\n\t\t\t\t<div class=\"elementor-widget-container\">\n\t\t\t    <section class=\"contact-form-section\">\r\n\t\t<div class=\"auto-container\">\r\n\t\t\t<div class=\"row clearfix\">\r\n\t\t\t\t<!-- Form Column -->\r\n\t\t\t\t<div class=\"form-column col-lg-7 col-md-12 col-sm-12\">\r\n\t\t\t\t\t<div class=\"inner-column\">\r\n                        \t\t\t\t\t\t    <h3>Bize Ula\u015f\u0131n<\/h3>\r\n                        \t\t\t\t\t\t\r\n\t\t\t\t\t\t<!-- Comment Form -->\r\n                        \t\t\t\t\t\t<div class=\"comment-form contact-form\">\r\n\t\t\t\t\t\t\t\n<div class=\"wpcf7 no-js\" id=\"wpcf7-f690-o1\" lang=\"en-US\" dir=\"ltr\">\n<div class=\"screen-reader-response\"><p role=\"status\" aria-live=\"polite\" aria-atomic=\"true\"><\/p> <ul><\/ul><\/div>\n<form action=\"\/index.php?rest_route=%2Fwp%2Fv2%2Fpages%2F666#wpcf7-f690-o1\" method=\"post\" class=\"wpcf7-form init\" aria-label=\"Contact form\" novalidate=\"novalidate\" data-status=\"init\">\n<div style=\"display: none;\">\n<input type=\"hidden\" name=\"_wpcf7\" value=\"690\" \/>\n<input type=\"hidden\" name=\"_wpcf7_version\" value=\"5.7.4\" \/>\n<input type=\"hidden\" name=\"_wpcf7_locale\" value=\"en_US\" \/>\n<input type=\"hidden\" name=\"_wpcf7_unit_tag\" value=\"wpcf7-f690-o1\" \/>\n<input type=\"hidden\" name=\"_wpcf7_container_post\" value=\"0\" \/>\n<input type=\"hidden\" name=\"_wpcf7_posted_data_hash\" value=\"\" \/>\n<\/div>\n<div class=\"row clearfix\">\n\t<div class=\"col-lg-4 col-md-6 col-sm-12 form-group\">\n\t\t<p><span class=\"wpcf7-form-control-wrap\" data-name=\"cf-main-name-773\"><input size=\"40\" class=\"wpcf7-form-control wpcf7-text wpcf7-validates-as-required\" aria-required=\"true\" aria-invalid=\"false\" placeholder=\"Ad\u0131n\u0131z\" value=\"\" type=\"text\" name=\"cf-main-name-773\" \/><\/span>\n\t\t<\/p>\n\t<\/div>\n\t<div class=\"col-lg-4 col-md-6 col-sm-12 form-group\">\n\t\t<p><span class=\"wpcf7-form-control-wrap\" data-name=\"cf-main-email-322\"><input size=\"40\" class=\"wpcf7-form-control wpcf7-text wpcf7-email wpcf7-validates-as-required wpcf7-validates-as-email\" aria-required=\"true\" aria-invalid=\"false\" placeholder=\"Mail\" value=\"\" type=\"email\" name=\"cf-main-email-322\" \/><\/span>\n\t\t<\/p>\n\t<\/div>\n\t<div class=\"col-lg-4 col-md-6 col-sm-12 form-group\">\n\t\t<p><span class=\"wpcf7-form-control-wrap\" data-name=\"cf-main-phone-773\"><input size=\"40\" class=\"wpcf7-form-control wpcf7-text wpcf7-validates-as-required\" aria-required=\"true\" aria-invalid=\"false\" placeholder=\"Tel\" value=\"\" type=\"text\" name=\"cf-main-phone-773\" \/><\/span>\n\t\t<\/p>\n\t<\/div>\n\t<div class=\"col-lg-12 col-md-12 col-sm-12 form-group\">\n\t\t<p><span class=\"wpcf7-form-control-wrap\" data-name=\"cf-min-ctm-719\"><textarea cols=\"40\" rows=\"10\" class=\"wpcf7-form-control wpcf7-textarea\" aria-invalid=\"false\" placeholder=\"Mesaj\u0131n\u0131z...\" name=\"cf-min-ctm-719\"><\/textarea><\/span>\n\t\t<\/p>\n\t<\/div>\n\t<div class=\"col-lg-12 col-md-12 col-sm-12 form-group\">\n\t\t<!-- Button Box -->\n\t\t<div class=\"button-box\">\n\t\t\t<p><button class=\"theme-btn\">G\u00f6nder<\/button>\n\t\t\t<\/p>\n\t\t<\/div>\n\t<\/div>\n<\/div><div class=\"wpcf7-response-output\" aria-hidden=\"true\"><\/div>\n<\/form>\n<\/div>\n\t\t\t\t\t\t<\/div>\r\n\t\t\t\t\t\t<!-- End Comment Form -->\r\n\t\t\t\t\t\t\t\t\t\t\t<\/div>\r\n\t\t\t\t<\/div>\r\n\t\t\t\t<!-- Image Column -->\r\n                \t\t\t\t<div class=\"image-column col-lg-5 col-md-12 col-sm-12\">\r\n\t\t\t\t\t<div class=\"inner-column\">\r\n\t\t\t\t\t\t<div class=\"image wow fadeInRight\" data-wow-delay=\"0ms\" data-wow-duration=\"1500ms\">\r\n\t\t\t\t\t\t\t<img decoding=\"async\" src=\"https:\/\/themexriver.com\/wp\/constim\/wp-content\/uploads\/2022\/12\/contact.png\" alt=\"\" \/>\r\n\t\t\t\t\t\t<\/div>\r\n\t\t\t\t\t<\/div>\r\n\t\t\t\t<\/div>\r\n                \t\t\t<\/div>\r\n\t\t<\/div>\r\n\t<\/section>\r\n    \t\t<\/div>\n\t\t\t\t<\/div>\n\t\t\t\t\t<\/div>\n\t\t<\/div>\n\t\t\t\t\t\t\t<\/div>\n\t\t<\/section>\n\t\t\t\t<section class=\"elementor-section elementor-top-section elementor-element elementor-element-4f44209 elementor-section-full_width elementor-section-stretched elementor-section-height-default elementor-section-height-default\" data-id=\"4f44209\" data-element_type=\"section\" data-settings=\"{&quot;stretch_section&quot;:&quot;section-stretched&quot;}\">\n\t\t\t\t\t\t<div class=\"elementor-container elementor-column-gap-no\">\n\t\t\t\t\t<div class=\"elementor-column elementor-col-100 elementor-top-column elementor-element elementor-element-abdcd34\" data-id=\"abdcd34\" data-element_type=\"column\">\n\t\t\t<div class=\"elementor-widget-wrap elementor-element-populated\">\n\t\t\t\t\t\t\t\t<div class=\"elementor-element elementor-element-b30ea0b elementor-widget elementor-widget-hos-social-link-id\" data-id=\"b30ea0b\" data-element_type=\"widget\" data-widget_type=\"hos-social-link-id.default\">\n\t\t\t\t<div class=\"elementor-widget-container\">\n\t\t\t    <section class=\"social-section\">\r\n\t\t<div class=\"outer-container\">\r\n\t\t\t<div class=\"clearfix\">\r\n\t\t\t\r\n\t\t\t\t<!-- Social Box -->\r\n                                    <div class=\"social-box\">\r\n                        <div class=\"box-inner\">\r\n                            <a href=\"https:\/\/tr-tr.facebook.com\/kocaeli.branda.1\"><span class=\"icon\"><i aria-hidden=\"true\" class=\"fab fa-facebook-f\"><\/i><\/span> Facebook<\/a>\r\n                        <\/div>\r\n                    <\/div>\r\n\t\t\t\t                    <div class=\"social-box\">\r\n                        <div class=\"box-inner\">\r\n                            <a href=\"https:\/\/www.instagram.com\/kocaelibranda\/\"><span class=\"icon\"><i aria-hidden=\"true\" class=\"fab fa-instagram\"><\/i><\/span> Instagram<\/a>\r\n                        <\/div>\r\n                    <\/div>\r\n\t\t\t\t                    <div class=\"social-box\">\r\n                        <div class=\"box-inner\">\r\n                            <a href=\"https:\/\/www.linkedin.com\/company\/kocaelibranda\/\"><span class=\"icon\"><i aria-hidden=\"true\" class=\"fab fa-linkedin-in\"><\/i><\/span> Linkedin<\/a>\r\n                        <\/div>\r\n                    <\/div>\r\n\t\t\t\t                    <div class=\"social-box\">\r\n                        <div class=\"box-inner\">\r\n                            <a href=\"https:\/\/www.youtube.com\/channel\/UCJgsVk3d7D0EwS2Wjo2I-gA\"><span class=\"icon\"><i aria-hidden=\"true\" class=\"fab fa-youtube\"><\/i><\/span> YouTube<\/a>\r\n                        <\/div>\r\n                    <\/div>\r\n\t\t\t\t\t\t\t<\/div>\r\n\t\t<\/div>\r\n\t<\/section>\r\n    \t\t<\/div>\n\t\t\t\t<\/div>\n\t\t\t\t\t<\/div>\n\t\t<\/div>\n\t\t\t\t\t\t\t<\/div>\n\t\t<\/section>\n\t\t\t\t\t\t\t<\/div>\n\t\t","protected":false},"excerpt":{"rendered":"<p>Bize Ula\u015f\u0131n SANAY\u0130 OF\u0130S Emailinfo@kocaelibranda.com.tr Telefon0 262 335 02 58 Adres\u0130zmit sanayi siteyi Sanayi 7.cd. no:34-36, 41040 \u0130zmit\/Kocaeli YE\u015e\u0130LOVA FABR\u0130KA Emailinfo@kocaelibranda.com.tr AdresYe\u015filova mahallesi zeynel sokak no:34 \u0130zmit\/Kocaeli Bize Ula\u015f\u0131n G\u00f6nder Facebook Instagram Linkedin YouTube<\/p>\n","protected":false},"author":1,"featured_media":0,"parent":0,"menu_order":0,"comment_status":"closed","ping_status":"closed","template":"constim-template.php","meta":{"inline_featured_image":false,"footnotes":""},"class_list":["post-666","page","type-page","status-publish","hentry"],"_links":{"self":[{"href":"https:\/\/www.kocaelibranda.com.tr\/index.php?rest_route=\/wp\/v2\/pages\/666","targetHints":{"allow":["GET"]}}],"collection":[{"href":"https:\/\/www.kocaelibranda.com.tr\/index.php?rest_route=\/wp\/v2\/pages"}],"about":[{"href":"https:\/\/www.kocaelibranda.com.tr\/index.php?rest_route=\/wp\/v2\/types\/page"}],"author":[{"embeddable":true,"href":"https:\/\/www.kocaelibranda.com.tr\/index.php?rest_route=\/wp\/v2\/users\/1"}],"replies":[{"embeddable":true,"href":"https:\/\/www.kocaelibranda.com.tr\/index.php?rest_route=%2Fwp%2Fv2%2Fcomments&post=666"}],"version-history":[{"count":32,"href":"https:\/\/www.kocaelibranda.com.tr\/index.php?rest_route=\/wp\/v2\/pages\/666\/revisions"}],"predecessor-version":[{"id":2665,"href":"https:\/\/www.kocaelibranda.com.tr\/index.php?rest_route=\/wp\/v2\/pages\/666\/revisions\/2665"}],"wp:attachment":[{"href":"https:\/\/www.kocaelibranda.com.tr\/index.php?rest_route=%2Fwp%2Fv2%2Fmedia&parent=666"}],"curies":[{"name":"wp","href":"https:\/\/api.w.org\/{rel}","templated":true}]}}